{"id":29,"date":"2022-04-22T08:52:30","date_gmt":"2022-04-22T08:52:30","guid":{"rendered":"https:\/\/ks-kalibrierservice.de\/?page_id=29"},"modified":"2022-06-24T09:06:10","modified_gmt":"2022-06-24T09:06:10","slug":"agb","status":"publish","type":"page","link":"https:\/\/ks-kalibrierservice.de\/index.php\/agb\/","title":{"rendered":"AGB"},"content":{"rendered":"\t\t<div data-elementor-type=\"wp-page\" data-elementor-id=\"29\" class=\"elementor elementor-29\" data-elementor-post-type=\"page\">\n\t\t\t\t\t\t<section class=\"elementor-section elementor-top-section elementor-element elementor-element-9b14c96 elementor-section-boxed elementor-section-height-default elementor-section-height-default\" data-id=\"9b14c96\" data-element_type=\"section\">\n\t\t\t\t\t\t<div class=\"elementor-container elementor-column-gap-default\">\n\t\t\t\t\t<div class=\"elementor-column elementor-col-100 elementor-top-column elementor-element elementor-element-f9cc53a\" data-id=\"f9cc53a\" data-element_type=\"column\">\n\t\t\t<div class=\"elementor-widget-wrap elementor-element-populated\">\n\t\t\t\t\t\t<div class=\"elementor-element elementor-element-2838329 elementor-widget elementor-widget-text-editor\" data-id=\"2838329\" data-element_type=\"widget\" data-widget_type=\"text-editor.default\">\n\t\t\t\t<div class=\"elementor-widget-container\">\n\t\t\t<style>\/*! elementor - v3.21.0 - 24-04-2024 *\/\n.elementor-widget-text-editor.elementor-drop-cap-view-stacked .elementor-drop-cap{background-color:#69727d;color:#fff}.elementor-widget-text-editor.elementor-drop-cap-view-framed .elementor-drop-cap{color:#69727d;border:3px solid;background-color:transparent}.elementor-widget-text-editor:not(.elementor-drop-cap-view-default) .elementor-drop-cap{margin-top:8px}.elementor-widget-text-editor:not(.elementor-drop-cap-view-default) .elementor-drop-cap-letter{width:1em;height:1em}.elementor-widget-text-editor .elementor-drop-cap{float:left;text-align:center;line-height:1;font-size:50px}.elementor-widget-text-editor .elementor-drop-cap-letter{display:inline-block}<\/style>\t\t\t\t<div class=\"elementor-element elementor-element-953337a elementor-widget elementor-widget-heading\" style=\"width: 1120px; color: #000000; font-family: -apple-system, 'system-ui', 'Segoe UI', Roboto, 'Helvetica Neue', Arial, 'Noto Sans', sans-serif; font-size: 16px;\" data-id=\"953337a\" data-element_type=\"widget\" data-widget_type=\"heading.default\">\n<div class=\"elementor-widget-container\" style=\"transition: background 0.3s ease 0s, border 0.3s ease 0s, border-radius 0.3s ease 0s, box-shadow 0.3s ease 0s, -webkit-border-radius 0.3s ease 0s, -webkit-box-shadow 0.3s ease 0s; margin: 0px 0px 40px;\">\n<h2 class=\"elementor-heading-title elementor-size-default\" style=\"font-family: var(--e-global-typography-primary-font-family),Sans-serif; font-weight: var(--e-global-typography-primary-font-weight); line-height: var(--e-global-typography-primary-line-height); font-size: var(--e-global-typography-primary-font-size); text-transform: var(--e-global-typography-primary-text-transform);\">ALLGEMEINE GESCH\u00c4FTSBEDINGUNGEN<\/h2>\n<\/div>\n<\/div>\n<div class=\"elementor-element elementor-element-abf959c elementor-widget elementor-widget-text-editor\" style=\"color: #000000; font-family: var(--e-global-typography-text-font-family),Sans-serif; font-size: var(--e-global-typography-text-font-size); line-height: var(--e-global-typography-text-line-height); width: 1120px;\" data-id=\"abf959c\" data-element_type=\"widget\" data-widget_type=\"text-editor.default\">\n<div class=\"elementor-widget-container\" style=\"transition: background 0.3s ease 0s, border 0.3s ease 0s, border-radius 0.3s ease 0s, box-shadow 0.3s ease 0s, -webkit-border-radius 0.3s ease 0s, -webkit-box-shadow 0.3s ease 0s;\">\n<p style=\"margin-top: 0px; margin-bottom: 0.9rem;\">KS Kalibrierservice GmbH<\/p><p style=\"margin-top: 0px; margin-bottom: 0.9rem;\">Gesch\u00e4ftsf\u00fchrung vertreten durch:<br>Stefan Henneberger &amp; Clemens Czepl<br>W\u00fcrzburger Strasse 150<br>D-90766 F\u00fcrth<br>Tel. : 0911 \/ 977 955 06<br>Fax.: 0911 \/ 977 955 07<\/p>\n<p style=\"margin-top: 0px; margin-bottom: 0.9rem;\"><span style=\"font-weight: bolder;\">1. Allgemeines<\/span><\/p>\n<p style=\"margin-top: 0px; margin-bottom: 0.9rem;\">Unser Ziel ist es, Sie als Kunden zufrieden zu stellen. Sollte trotzdem einmal ein<br>Vers\u00e4umnis vorkommen, so wenden Sie sich vertrauensvoll an uns. Wir finden<br>sicher eine akzeptable L\u00f6sung.<\/p>\n<p style=\"margin-top: 0px; margin-bottom: 0.9rem;\">1.1 Diese Allgemeinen Gesch\u00e4ftsbedingungen (AGB) gelten f\u00fcr alle<br>Serviceleistungen einschlie\u00dflich Kalibrierungen, Abgleich, Reparaturen und<br>\u00dcberpr\u00fcfungen die KS erbringt.<\/p>\n<p style=\"margin-top: 0px; margin-bottom: 0.9rem;\">1.2 Die nachstehenden AGB gelten f\u00fcr alle Angebote und Leistungen als<br>Auftragnehmer. Sie werden vom Auftraggeber mit der Auftragserteilung<br>anerkannt. Einkaufsbedingungen des Auftraggebers werden hiermit<br>widersprochen.<\/p>\n<p style=\"margin-top: 0px; margin-bottom: 0.9rem;\">1.3 Diese AGB gelten bei laufender Gesch\u00e4ftsbeziehung auch ohne besonderen<br>Hinweis oder Bezugnahme f\u00fcr alle unsere Serviceleistungen, insbesondere auch<br>im Falle m\u00fcndlicher oder telefonischer Abruf- und Folgeauftr\u00e4ge.<\/p>\n<p style=\"margin-top: 0px; margin-bottom: 0.9rem;\">1.4 Von diesen AGB abweichende Gesch\u00e4ftsbedingungen des Vertragspartners<br>sind nur dann g\u00fcltig, wenn sie schriftlich von uns ausdr\u00fccklich als anstelle<br>dieser Bedingungen geltend best\u00e4tigt worden sind. Gleiches gilt f\u00fcr alle<br>Zusicherungen, Erg\u00e4nzungen und Nebenabreden.<\/p>\n<\/div>\n<\/div>\n<div class=\"elementor-element elementor-element-abf959c elementor-widget elementor-widget-text-editor\" style=\"color: #000000; font-family: var(--e-global-typography-text-font-family),Sans-serif; font-size: var(--e-global-typography-text-font-size); line-height: var(--e-global-typography-text-line-height); width: 1120px;\" data-id=\"abf959c\" data-element_type=\"widget\" data-widget_type=\"text-editor.default\">\n<div class=\"elementor-widget-container\" style=\"transition: background 0.3s ease 0s, border 0.3s ease 0s, border-radius 0.3s ease 0s, box-shadow 0.3s ease 0s, -webkit-border-radius 0.3s ease 0s, -webkit-box-shadow 0.3s ease 0s;\">\n<p style=\"margin-top: 0px; margin-bottom: 0.9rem;\"><span style=\"font-weight: bolder;\">2. Angebote und Vertragsabschlu\u00df<\/span><\/p>\n<p style=\"margin-top: 0px; margin-bottom: 0.9rem;\">2.1 Jeder Servicevertrag nach Ma\u00dfgabe dieser AGB kommt durch \u00dcbersendung<br>der mit dem Auftraggeber vereinbarten Ger\u00e4te zu KS und\/oder einer vom<br>Auftraggeber gew\u00fcnschten Auftragsbest\u00e4tigung durch KS zustande. Bei<br>vereinbarten Serviceleistungen am Ger\u00e4testandort erkennt der Auftraggeber<br>die Geltung dieser AGB an.<\/p>\n<p style=\"margin-top: 0px; margin-bottom: 0.9rem;\">2.2. Detaillierte Kostensch\u00e4tzungen erstellt KS nur auf ausdr\u00fccklichen Wunsch<br>des Auftraggebers. Diese oder Ausk\u00fcnfte in Bezug auf Umfang, Art, Dauer und<br>Kosten der Servicema\u00dfnahmen welcher Art auch immer sind ann\u00e4hernd und<br>freibleibend. Sie beinhalten keine Zusicherungen oder Garantiezusagen und<br>k\u00f6nnen verbindlicher Vertragsinhalt nur bei ausdr\u00fccklicher schriftlicher<br>Best\u00e4tigung durch KS werden. Bei Nichterteilung des Auftrages wird der<br>entstandene Aufwand nach Ma\u00dfgabe der jeweils g\u00fcltigen<br>Stundenverrechnungss\u00e4tze berechnet.<\/p>\n<p style=\"margin-top: 0px; margin-bottom: 0.9rem;\">2.3. Ger\u00e4teverkauf erfolgt ausschlie\u00dflich an Unternehmen.<\/p>\n<p style=\"margin-top: 0px; margin-bottom: 0.9rem;\"><span style=\"font-weight: bolder;\">3. Leistungsumfang<\/span><\/p>\n<p style=\"margin-top: 0px; margin-bottom: 0.9rem;\">3.1 KS, f\u00fchrt alle Serviceauftr\u00e4ge mit dem Ziel aus, die jeweils betroffenen<br>Ger\u00e4te in die urspr\u00fcnglichen Standardspezifikationen zu versetzen, es sei denn,<br>der Auftraggeber begrenzt den Auftrag ausdr\u00fccklich auf einen bestimmten<br>Kostenbetrag und\/oder bestimmte Leistungen. Sollte dieser begrenzte Umfang<br>nicht ausreichen, das Ger\u00e4t in einen funktionsf\u00e4higen Zustand zu versetzen,<br>steht es in unserem Ermessen, die angezeigten Ma\u00dfnahmen durchzuf\u00fchren.<br>Soweit dieser Aufwand die Kostenbegrenzung in erheblichem Ma\u00dfe<br>\u00fcberschreitet, werden wir den Auftraggeber vorher benachrichtigen, sofern<br>dazu die M\u00f6glichkeit besteht.<\/p>\n<p style=\"margin-top: 0px; margin-bottom: 0.9rem;\">\n<\/p><p style=\"margin-top: 0px; margin-bottom: 0.9rem;\"><span style=\"font-weight: bolder;\">4. Zahlung<\/span><\/p>\n<p style=\"margin-top: 0px; margin-bottom: 0.9rem;\">4.1 KS, erbringt Serviceleistungen grunds\u00e4tzlich nur gegen Berechnung nach<br>tats\u00e4chlichem Aufwand. Alle Preise ergeben sich aus der jeweils g\u00fcltigen<br>Preisliste. Verbindlich sind jedoch nur die in unseren Angeboten genannten<br>Preise. An Firmenkunden aus der EU mit UST-ID-Nr. und an Kunden aus der<br>Schweiz wird die Mehrwertsteuer nicht berechnet.<\/p>\n<p style=\"margin-top: 0px; margin-bottom: 0.9rem;\">4.2 Kosten f\u00fcr Anfahrt\/Abfahrt der Servicemitarbeiter fallen nur an, wenn<br>Leistungen und\/oder Teilleistungen am Aufstellungsort des Ger\u00e4tes erbracht<br>wurden. Alle Fracht-, Frachtneben- und Verpackungskosten gehen zu Lasten<br>des Auftraggebers.<\/p>\n<p style=\"margin-top: 0px; margin-bottom: 0.9rem;\">4.3 Die Rechnungen sind 30 Tage ab Rechnungsdatum ohne Abzug f\u00e4llig. Skonti<br>und andere Abz\u00fcge sind nur zul\u00e4ssig, wenn sie auf der Rechnung schriftlich<br>vermerkt sind. Zahlungen des Vertragspartners haben ausschlie\u00dflich an KS zu<br>erfolgen. Wechsel nimmt KS nicht herein. Schecks werden nur zahlungshalber<br>angenommen.<\/p>\n<p style=\"margin-top: 0px; margin-bottom: 0.9rem;\">4.4 Wenn und soweit KS, aus anderen Vertragsbedingungen mit dem<br>Vertragspartner diesem gegen\u00fcber \u00fcberf\u00e4llige Forderungen zustehen sind wir<br>berechtigt Serviceleistungen nur gegen Vorkasse zu erbringen.<\/p>\n<p style=\"margin-top: 0px; margin-bottom: 0.9rem;\">4.5 Ab dem Zeitpunkt eines Zahlungsverzuges schuldet der Vertragspartner<br>KS Verzugszinsen in H\u00f6he von acht Prozentpunkten \u00fcber dem Basiszinssatz<br>per annum. Kann KS nachweisen, dass ein h\u00f6herer Verzugsschaden<br>entstanden ist, ist KS berechtigt diesen geltend zu machen.<\/p>\n<p style=\"margin-top: 0px; margin-bottom: 0.9rem;\">4.6 KS gegen\u00fcber kann der Vertragspartner mit anderen als unbestrittenen<br>oder rechtskr\u00e4ftig festgestellten Forderungen nicht aufrechnen.<br>Zur\u00fcckbehaltungsrechte oder sonstige Leistungsverweigerungsrecht k\u00f6nnen<br>nur geltend gemacht werden, soweit sie auf dem selben Vertragsverh\u00e4ltnis<br>beruhen. Dabei ist auch bei laufender Gesch\u00e4ftsverbindung jeder Auftrag als<br>gesondertes Vertragsverh\u00e4ltnis zu betrachten.<\/p>\n<p style=\"margin-top: 0px; margin-bottom: 0.9rem;\">\n<\/p><p style=\"margin-top: 0px; margin-bottom: 0.9rem;\"><span style=\"font-weight: bolder;\">5. Ausf\u00fchrungszeit<\/span><\/p>\n<p style=\"margin-top: 0px; margin-bottom: 0.9rem;\">5.1 Bestimmte Zeiten des Beginns der Ausf\u00fchrung der Serviceleistung und\/oder<br>Fristen bis zur Beendigung sind nur dann verbindlich, wenn sie von KS<br>ausdr\u00fccklich zugesagt worden sind.<\/p>\n<p style=\"margin-top: 0px; margin-bottom: 0.9rem;\">5.2 Wir sind zur Erbringung von Teilleistungen berechtigt<\/p>\n<p style=\"margin-top: 0px; margin-bottom: 0.9rem;\">5.3 Richtige und rechtzeitige Belieferung mit Ersatzteilen bzw.<br>Serviceunterlagen vorbehalten, wird KS sich bem\u00fchen etwa angegebene<br>Ausf\u00fchrungszeiten einzuhalten, wir \u00fcbernehmen daf\u00fcr jedoch keine Gew\u00e4hr.<br>Angegebene Ausf\u00fchrungsfristen laufen ab Erhalt des Ger\u00e4tes und\/oder<br>Absendung der Auftragsbest\u00e4tigung durch KS es sei denn der Auftraggeber<br>ist zu Vorleistungen verpflichtet. In diesem Fall rechnet die Lieferzeit ab<br>Eingang der Gegenleistung des Auftraggebers bei KS.<\/p>\n<p style=\"margin-top: 0px; margin-bottom: 0.9rem;\">5.4 Wird aus von KS, zu vertretenden Gr\u00fcnden eine Ausf\u00fchrungszeit nicht<br>eingehalten, kann der Vertragspartner nach Ablauf der Ausf\u00fchrungszeit KS,<br>schriftlich eine angemessene Nachfrist setzen. Verstreicht diese fruchtlos, steht<br>dem Vertragspartner lediglich das R\u00fccktrittsrecht zu. Weitergehende Rechte,<br>gleich aus welchem Rechtsgrund, insbesondere jeglicher Schadenersatz sind<br>ausgeschlossen, es sei denn, der Verzug w\u00e4re von KS vors\u00e4tzlich oder grob<br>fahrl\u00e4ssig herbeigef\u00fchrt worden.<\/p>\n<p style=\"margin-top: 0px; margin-bottom: 0.9rem;\">5.5 Sollte KS die Einhaltung vereinbarter Ausf\u00fchrungstermine wegen h\u00f6herer<br>Gewalt, Eingriffen von hoher Hand, gleich ob diese das Gebiet der<br>Bundesrepublik Deutschland oder Gebiete betreffen aus denen und\/oder durch<br>die hindurch die Belieferung erfolgt Katastrophen Krieg, Aufruhr, Streik in<br>Zulieferbetrieben oder im Bereich der Transportmittel, unm\u00f6glich sein, sind wir<br>berechtigt, die Leistungen zu einem sp\u00e4teren Zeitpunkt nachzuholen oder ganz<br>zu unterlassen. Im Falle der Nachholung soll dies in angemessener Frist nach<br>der Beendigung der Behinderung erfolgen. Der Vertragspartner hat keine<br>Rechte oder Anspr\u00fcche wegen Nichtausf\u00fchrung oder Sp\u00e4tausf\u00fchrung unter<br>solchen Umst\u00e4nden und zwar auch dann nicht wenn derartige Umst\u00e4nde<br>eintreten, nachdem die Ausf\u00fchrungszeit bereits \u00fcberschritten war bzw. KS<br>sich in Verzug befunden hatte.<\/p>\n<p style=\"margin-top: 0px; margin-bottom: 0.9rem;\">\n<\/p><p style=\"margin-top: 0px; margin-bottom: 0.9rem;\"><span style=\"font-weight: bolder;\">6. Gefahren\u00fcbergang und Versand<\/span><\/p>\n<p style=\"margin-top: 0px; margin-bottom: 0.9rem;\">6.1 Wenn und somit Serviceleistungen durch Einsendung\/Anlieferung eines<br>Ger\u00e4tes des Auftraggebers an KS erfolgen, geht die Gefahr erst bei Eintreffen<br>des Gegenstandes bei KS auf uns \u00fcber. Beim R\u00fcckversand geht die Gefahr<br>wieder auf den Auftraggeber \u00fcber, wenn und sobald das Ger\u00e4t entweder dem<br>Auftraggeber einem Spediteur \/ Frachtf\u00fchrer \/ Paketdienst \/ Kurierdienst<br>\u00fcbergeben worden ist oder die Gewerber\u00e4ume von KS verlassen hat.<\/p>\n<p style=\"margin-top: 0px; margin-bottom: 0.9rem;\"><span style=\"font-weight: bolder;\">7. Gew\u00e4hrleistung und Haftung<\/span><\/p>\n<p style=\"margin-top: 0px; margin-bottom: 0.9rem;\">7.1 KS wird etwaige M\u00e4ngel bei Reparaturen am betroffenen Ger\u00e4t<br>unentgeltlich beseitigen falls diese mit den ausgef\u00fchrten Arbeiten und den<br>verwendeten Ersatzteilen in unmittelbarem Zusammenhang stehen und von<br>KS zu vertreten sind. Die Gew\u00e4hrleistungsfrist betr\u00e4gt f\u00fcr Reparaturen und<br>Ersatzteile sechs Monate . Kalibrierleistungen sind von der Gew\u00e4hrleistung<br>ausgenommen. Es wird garantiert dass das Messger\u00e4t bei der Kalibrierung die<br>vom Hersteller ver\u00f6ffentlichen Spezifikationen, die gepr\u00fcft wurden, einh\u00e4lt.<br>Rechte anderer Art stehen dem Auftraggeber nicht zu.<\/p>\n<p style=\"margin-top: 0px; margin-bottom: 0.9rem;\">7.2 F\u00fcr Sch\u00e4den anderer Art, sei es am Ger\u00e4t oder an der Software oder<br>anderweitig, gleich aus welchem Rechtsgrund, so u.a. auch infolge der<br>Verletzung vertraglicher Nebenpflichten oder aufgrund unerlaubter<br>Handlungen, haftet KS nur, wenn und soweit solche Sch\u00e4den durch<br>vors\u00e4tzliches oder grob fahrl\u00e4ssiges Verhalten von KS oder der Mitarbeiter<br>oder Erf\u00fcllungsgehilfen bei der Aus\u00fcbung der ihnen zugewiesenen Aufgaben<br>nach diesem Vertrag verursacht worden sind.<\/p>\n<p style=\"margin-top: 0px; margin-bottom: 0.9rem;\">7.3 KS ist nach Ma\u00dfgabe der vorstehenden Bestimmungen nur dann zur<br>Beseitigung von M\u00e4ngeln oder Sch\u00e4den bzw. zum Schadenersatz verpflichtet<br>wenn die aufgetretenen M\u00e4ngel und Sch\u00e4den unverz\u00fcglich nach Erhalt der<br>Ware, jedenfalls nicht sp\u00e4ter als eine Woche danach schriftlich angezeigt<br>werden.<\/p>\n<p style=\"margin-top: 0px; margin-bottom: 0.9rem;\">7.4 M\u00e4ngelr\u00fcgen aller Art sind unverz\u00fcglich schriftlich oder fernschriftlich<br>geltend zu machen.<\/p>\n<p style=\"margin-top: 0px; margin-bottom: 0.9rem;\">7.5 Jegliche Haftung entf\u00e4llt, wenn der Auftraggeber ohne vorheriges<br>Einverst\u00e4ndnis von KS M\u00e4ngel- oder Schadensbeseitigungen vornimmt, durch<br>Dritte vornehmen l\u00e4sst oder die Schadensbeseitigung verhindert, einen<br>Anspruch auf Erstattung dadurch entstehender Kosten hat der Auftraggeber<br>nicht.<\/p>\n<p style=\"margin-top: 0px; margin-bottom: 0.9rem;\">\n<\/p><p style=\"margin-top: 0px; margin-bottom: 0.9rem;\"><span style=\"font-weight: bolder;\">8. Schlussbestimmungen<\/span><\/p>\n<p style=\"margin-top: 0px; margin-bottom: 0.9rem;\">8.1 Zwischen den Vertragspartnern findet ausschlie\u00dflich deutsches Recht<br>Anwendung. Ausl\u00e4ndische Besteller unterwerfen sich dem in Deutschland<br>g\u00fcltigem Recht und erkennen mit ihrer Bestellung unsere Allgemeinen<br>Gesch\u00e4ftsbedingungen in deutscher Sprache an.<\/p>\n<p style=\"margin-top: 0px; margin-bottom: 0.9rem;\">8.2 Der Auftraggeber erkl\u00e4rt sein Einverst\u00e4ndnis damit, dass die aus der<br>Gesch\u00e4ftsbeziehung mit ihm gewonnenen personenbezogenen Daten im Sinne<br>des Datenschutzgesetzes von KS f\u00fcr gesellschaftseigene Zwecke verwendet<br>werden d\u00fcrfen.<\/p>\n<p style=\"margin-top: 0px; margin-bottom: 0.9rem;\">8.3 Sollte eine Bestimmung dieser Bedingungen ganz oder teilweise unwirksam<br>sein, so ber\u00fchrt dies die G\u00fcltigkeit der \u00fcbrigen Bestimmungen nicht.<\/p>\n<p style=\"margin-top: 0px; margin-bottom: 0.9rem;\">8.4 Erf\u00fcllungsort f\u00fcr Serviceleistung und Zahlung ist F\u00fcrth. Der Gerichtsstand ist<br>der Sitz der Gesellschaft.<\/p>\n<\/div>\n<\/div>\t\t\t\t\t\t<\/div>\n\t\t\t\t<\/div>\n\t\t\t\t\t<\/div>\n\t\t<\/div>\n\t\t\t\t\t<\/div>\n\t\t<\/section>\n\t\t\t\t<\/div>\n\t\t","protected":false},"excerpt":{"rendered":"<p>ALLGEMEINE GESCH\u00c4FTSBEDINGUNGEN KS Kalibrierservice GmbH Gesch\u00e4ftsf\u00fchrung vertreten durch:Stefan Henneberger &amp; Clemens CzeplW\u00fcrzburger Strasse 150D-90766 F\u00fcrthTel. : 0911 \/ 977 955 06Fax.: 0911 \/ 977 955 07 1. Allgemeines Unser Ziel ist es, Sie als Kunden zufrieden zu stellen. Sollte trotzdem einmal einVers\u00e4umnis vorkommen, so wenden Sie sich vertrauensvoll an uns. Wir findensicher eine akzeptable L\u00f6sung. [&hellip;]<\/p>\n","protected":false},"author":3,"featured_media":0,"parent":0,"menu_order":0,"comment_status":"closed","ping_status":"closed","template":"","meta":{"inline_featured_image":false,"footnotes":""},"class_list":["post-29","page","type-page","status-publish","hentry"],"_links":{"self":[{"href":"https:\/\/ks-kalibrierservice.de\/index.php\/wp-json\/wp\/v2\/pages\/29","targetHints":{"allow":["GET"]}}],"collection":[{"href":"https:\/\/ks-kalibrierservice.de\/index.php\/wp-json\/wp\/v2\/pages"}],"about":[{"href":"https:\/\/ks-kalibrierservice.de\/index.php\/wp-json\/wp\/v2\/types\/page"}],"author":[{"embeddable":true,"href":"https:\/\/ks-kalibrierservice.de\/index.php\/wp-json\/wp\/v2\/users\/3"}],"replies":[{"embeddable":true,"href":"https:\/\/ks-kalibrierservice.de\/index.php\/wp-json\/wp\/v2\/comments?post=29"}],"version-history":[{"count":13,"href":"https:\/\/ks-kalibrierservice.de\/index.php\/wp-json\/wp\/v2\/pages\/29\/revisions"}],"predecessor-version":[{"id":1184,"href":"https:\/\/ks-kalibrierservice.de\/index.php\/wp-json\/wp\/v2\/pages\/29\/revisions\/1184"}],"wp:attachment":[{"href":"https:\/\/ks-kalibrierservice.de\/index.php\/wp-json\/wp\/v2\/media?parent=29"}],"curies":[{"name":"wp","href":"https:\/\/api.w.org\/{rel}","templated":true}]}}