{"id":13,"date":"2022-04-22T08:41:18","date_gmt":"2022-04-22T08:41:18","guid":{"rendered":"https:\/\/ks-kalibrierservice.de\/?page_id=13"},"modified":"2024-04-23T07:53:56","modified_gmt":"2024-04-23T07:53:56","slug":"elektrische-messmittel","status":"publish","type":"page","link":"https:\/\/ks-kalibrierservice.de\/index.php\/unser-labor\/elektrische-messmittel\/","title":{"rendered":"Elektrische Messmittel"},"content":{"rendered":"\t\t<div data-elementor-type=\"wp-page\" data-elementor-id=\"13\" class=\"elementor elementor-13\" data-elementor-post-type=\"page\">\n\t\t\t\t\t\t<section class=\"elementor-section elementor-top-section elementor-element elementor-element-e3c7a5b elementor-section-height-min-height elementor-section-boxed elementor-section-height-default elementor-section-items-middle\" data-id=\"e3c7a5b\" data-element_type=\"section\" data-settings=\"{&quot;background_background&quot;:&quot;classic&quot;,&quot;background_motion_fx_motion_fx_mouse&quot;:&quot;yes&quot;,&quot;background_motion_fx_mouseTrack_effect&quot;:&quot;yes&quot;,&quot;background_motion_fx_mouseTrack_speed&quot;:{&quot;unit&quot;:&quot;px&quot;,&quot;size&quot;:0.1,&quot;sizes&quot;:[]}}\">\n\t\t\t\t\t\t\t<div class=\"elementor-background-overlay\"><\/div>\n\t\t\t\t\t\t\t<div class=\"elementor-container elementor-column-gap-default\">\n\t\t\t\t\t<div class=\"elementor-column elementor-col-100 elementor-top-column elementor-element elementor-element-22803a8\" data-id=\"22803a8\" data-element_type=\"column\">\n\t\t\t<div class=\"elementor-widget-wrap elementor-element-populated\">\n\t\t\t\t\t\t<div class=\"elementor-element elementor-element-a2803fe elementor-widget elementor-widget-heading\" data-id=\"a2803fe\" data-element_type=\"widget\" data-widget_type=\"heading.default\">\n\t\t\t\t<div class=\"elementor-widget-container\">\n\t\t\t<style>\/*! elementor - v3.21.0 - 24-04-2024 *\/\n.elementor-heading-title{padding:0;margin:0;line-height:1}.elementor-widget-heading .elementor-heading-title[class*=elementor-size-]>a{color:inherit;font-size:inherit;line-height:inherit}.elementor-widget-heading .elementor-heading-title.elementor-size-small{font-size:15px}.elementor-widget-heading .elementor-heading-title.elementor-size-medium{font-size:19px}.elementor-widget-heading .elementor-heading-title.elementor-size-large{font-size:29px}.elementor-widget-heading .elementor-heading-title.elementor-size-xl{font-size:39px}.elementor-widget-heading .elementor-heading-title.elementor-size-xxl{font-size:59px}<\/style><h1 class=\"elementor-heading-title elementor-size-default\">ELEKTRONISCHE MESSMITTEL<\/h1>\t\t<\/div>\n\t\t\t\t<\/div>\n\t\t\t\t\t<\/div>\n\t\t<\/div>\n\t\t\t\t\t<\/div>\n\t\t<\/section>\n\t\t\t\t<section class=\"elementor-section elementor-top-section elementor-element elementor-element-ea426ac elementor-section-boxed elementor-section-height-default elementor-section-height-default\" data-id=\"ea426ac\" data-element_type=\"section\">\n\t\t\t\t\t\t<div class=\"elementor-container elementor-column-gap-default\">\n\t\t\t\t\t<div class=\"elementor-column elementor-col-100 elementor-top-column elementor-element elementor-element-cfbf0b4\" data-id=\"cfbf0b4\" data-element_type=\"column\">\n\t\t\t<div class=\"elementor-widget-wrap elementor-element-populated\">\n\t\t\t\t\t\t<div class=\"elementor-element elementor-element-be55a9d elementor-widget elementor-widget-shortcode\" data-id=\"be55a9d\" data-element_type=\"widget\" data-widget_type=\"shortcode.default\">\n\t\t\t\t<div class=\"elementor-widget-container\">\n\t\t\t\t\t<div class=\"elementor-shortcode\"><nav aria-label=\"breadcrumbs\" class=\"rank-math-breadcrumb\"><p><span class=\"last\">KS Kalibrierservice<\/span><\/p><\/nav><\/div>\n\t\t\t\t<\/div>\n\t\t\t\t<\/div>\n\t\t\t\t\t<\/div>\n\t\t<\/div>\n\t\t\t\t\t<\/div>\n\t\t<\/section>\n\t\t\t\t<section class=\"elementor-section elementor-top-section elementor-element elementor-element-b67b7bd elementor-section-boxed elementor-section-height-default elementor-section-height-default\" data-id=\"b67b7bd\" data-element_type=\"section\" data-settings=\"{&quot;background_background&quot;:&quot;classic&quot;}\">\n\t\t\t\t\t\t\t<div class=\"elementor-background-overlay\"><\/div>\n\t\t\t\t\t\t\t<div class=\"elementor-container elementor-column-gap-default\">\n\t\t\t\t\t<div class=\"elementor-column elementor-col-50 elementor-top-column elementor-element elementor-element-fa37a23\" data-id=\"fa37a23\" data-element_type=\"column\">\n\t\t\t<div class=\"elementor-widget-wrap elementor-element-populated\">\n\t\t\t\t\t\t<div class=\"elementor-element elementor-element-2ad30ee elementor-widget elementor-widget-heading\" data-id=\"2ad30ee\" data-element_type=\"widget\" data-widget_type=\"heading.default\">\n\t\t\t\t<div class=\"elementor-widget-container\">\n\t\t\t<h2 class=\"elementor-heading-title elementor-size-default\">KALIBRIERUNG ELEKTRONISCHER MESSMITTEL<\/h2>\t\t<\/div>\n\t\t\t\t<\/div>\n\t\t\t\t<div class=\"elementor-element elementor-element-254ab4c elementor-widget elementor-widget-text-editor\" data-id=\"254ab4c\" data-element_type=\"widget\" data-widget_type=\"text-editor.default\">\n\t\t\t\t<div class=\"elementor-widget-container\">\n\t\t\t<style>\/*! elementor - v3.21.0 - 24-04-2024 *\/\n.elementor-widget-text-editor.elementor-drop-cap-view-stacked .elementor-drop-cap{background-color:#69727d;color:#fff}.elementor-widget-text-editor.elementor-drop-cap-view-framed .elementor-drop-cap{color:#69727d;border:3px solid;background-color:transparent}.elementor-widget-text-editor:not(.elementor-drop-cap-view-default) .elementor-drop-cap{margin-top:8px}.elementor-widget-text-editor:not(.elementor-drop-cap-view-default) .elementor-drop-cap-letter{width:1em;height:1em}.elementor-widget-text-editor .elementor-drop-cap{float:left;text-align:center;line-height:1;font-size:50px}.elementor-widget-text-editor .elementor-drop-cap-letter{display:inline-block}<\/style>\t\t\t\t<div class=\"rah-static rah-static--height-auto\" aria-hidden=\"false\"><div><div class=\"defaultBlock-3WQYo\"><div class=\"contentRect-aVg9o copyableElem-3MDgL fontCopyableElemTab-2p2c_\" tabindex=\"0\" data-auto=\"contentRect\" data-copytype=\"Inhalt\" data-logtype=\"content\" data-fontinfo=\"Montserrat\"><p class=\"content-1ObEW\" data-auto=\"textContent\">Die Kalibrierung erfolgt in unserem klimatisierten Labor (+23\u00b0C \u00b12\u00b0C) und ist ru\u0308ckfu\u0308hrbar auf Standards und Normale der Physikalisch Technischen Bundesanstalt (PTB) in Braunschweig oder auf andere nationale Normale. Wir kalibrieren Ihre elektronischen Ger\u00e4te. Mit modernster Technik und Ausstattung messen wir eine Vielzahl an elektronischen Messgr\u00f6\u00dfen, wie z. B.:<\/p><\/div><\/div><\/div><\/div>\t\t\t\t\t\t<\/div>\n\t\t\t\t<\/div>\n\t\t\t\t<div class=\"elementor-element elementor-element-d313e22 elementor-widget elementor-widget-text-editor\" data-id=\"d313e22\" data-element_type=\"widget\" data-widget_type=\"text-editor.default\">\n\t\t\t\t<div class=\"elementor-widget-container\">\n\t\t\t\t\t\t\t<ul><li>Gleichspannung<\/li><li>Gleichstrom<\/li><li>Wechselspannung<\/li><li>Wechselstrom<\/li><li>Frequenz<\/li><li>Zeit<\/li><li>Frequenzgang<\/li><li>Widerstand<\/li><li>Impedanz<\/li><li>Induktivit\u00e4t<\/li><li>Kapazit\u00e4t<\/li><li>Luftfeuchtigkeit<\/li><li>Leuchtdichte<\/li><li>Farbtemperatur<\/li><li>Hochspannung<\/li><li>Modulationen<\/li><li>Audio<\/li><li>Video<\/li><li>Hochfrequenz<\/li><li>Geschwindigkeit<\/li><li>Ladung<\/li><li>Leistung<\/li><\/ul>\t\t\t\t\t\t<\/div>\n\t\t\t\t<\/div>\n\t\t\t\t<div class=\"elementor-element elementor-element-b809454 elementor-widget elementor-widget-text-editor\" data-id=\"b809454\" data-element_type=\"widget\" data-widget_type=\"text-editor.default\">\n\t\t\t\t<div class=\"elementor-widget-container\">\n\t\t\t\t\t\t\t<div class=\"rah-static rah-static--height-auto\" aria-hidden=\"false\"><div><div class=\"defaultBlock-3WQYo\"><div class=\"contentRect-aVg9o copyableElem-3MDgL fontCopyableElemTab-2p2c_\" tabindex=\"0\" data-auto=\"contentRect\" data-copytype=\"Inhalt\" data-logtype=\"content\" data-fontinfo=\"Montserrat\"><p class=\"content-1ObEW\" data-auto=\"textContent\"><strong>Unsere Anwendungsfelder f\u00fcr elektronische Messgr\u00f6\u00dfen:<\/strong><\/p><\/div><\/div><\/div><\/div>\t\t\t\t\t\t<\/div>\n\t\t\t\t<\/div>\n\t\t\t\t<div class=\"elementor-element elementor-element-80d9d95 elementor-widget elementor-widget-text-editor\" data-id=\"80d9d95\" data-element_type=\"widget\" data-widget_type=\"text-editor.default\">\n\t\t\t\t<div class=\"elementor-widget-container\">\n\t\t\t\t\t\t\t<ul><li>Multimeter<\/li><li>Oszilloskope<\/li><li>Frequenzz\u00e4hler<\/li><li>Spannungsquellen<\/li><li>DC-NF-HF-Generatoren<\/li><li>Messempf\u00e4nger f\u00fcr Empfangslagen<\/li><li>RLC-Messbr\u00fccken<\/li><li>Sicherheitspr\u00fcfger\u00e4te<\/li><li>Temperatur \/ Luftfeuchte-Messger\u00e4te<\/li><li>Photovoltaik Messger\u00e4te<\/li><li>Temperatur- und Klima-Schr\u00e4nke<\/li><li>Leuchtger\u00e4te mit Dias<\/li><li>Kabeltestsysteme<\/li><li>Video analyzer<\/li><li>Videogeneratoren<\/li><li>Audio analyzer<\/li><li>Power grid analyzer<\/li><li>Network analyzer<\/li><li>Spectrum analyzer<\/li><li>Funkmesssysteme<\/li><li>VDE-Pr\u00fcfger\u00e4te (EN 61557\/DIN VDE 0100, VDE 0701-0702)<\/li><\/ul>\t\t\t\t\t\t<\/div>\n\t\t\t\t<\/div>\n\t\t\t\t\t<\/div>\n\t\t<\/div>\n\t\t\t\t<div class=\"elementor-column elementor-col-50 elementor-top-column elementor-element elementor-element-59db625\" data-id=\"59db625\" data-element_type=\"column\">\n\t\t\t<div class=\"elementor-widget-wrap elementor-element-populated\">\n\t\t\t\t\t\t<div class=\"elementor-element elementor-element-dd71d2a elementor-widget elementor-widget-image\" data-id=\"dd71d2a\" data-element_type=\"widget\" data-widget_type=\"image.default\">\n\t\t\t\t<div class=\"elementor-widget-container\">\n\t\t\t<style>\/*! elementor - v3.21.0 - 24-04-2024 *\/\n.elementor-widget-image{text-align:center}.elementor-widget-image a{display:inline-block}.elementor-widget-image a img[src$=\".svg\"]{width:48px}.elementor-widget-image img{vertical-align:middle;display:inline-block}<\/style>\t\t\t\t\t\t\t\t\t\t<img fetchpriority=\"high\" decoding=\"async\" width=\"640\" height=\"427\" src=\"https:\/\/ks-kalibrierservice.de\/wp-content\/uploads\/2022\/04\/ks_kalibrierservice_pruefmanagement.jpg\" class=\"attachment-large size-large wp-image-60\" alt=\"Pr\u00fcfmanagement\" srcset=\"https:\/\/ks-kalibrierservice.de\/wp-content\/uploads\/2022\/04\/ks_kalibrierservice_pruefmanagement.jpg 1000w, https:\/\/ks-kalibrierservice.de\/wp-content\/uploads\/2022\/04\/ks_kalibrierservice_pruefmanagement-300x200.jpg 300w, https:\/\/ks-kalibrierservice.de\/wp-content\/uploads\/2022\/04\/ks_kalibrierservice_pruefmanagement-768x512.jpg 768w\" sizes=\"(max-width: 640px) 100vw, 640px\" \/>\t\t\t\t\t\t\t\t\t\t\t\t\t<\/div>\n\t\t\t\t<\/div>\n\t\t\t\t<div class=\"elementor-element elementor-element-e75bdf1 elementor-widget elementor-widget-text-editor\" data-id=\"e75bdf1\" data-element_type=\"widget\" data-widget_type=\"text-editor.default\">\n\t\t\t\t<div class=\"elementor-widget-container\">\n\t\t\t\t\t\t\t<div class=\"rah-static rah-static--height-auto\" aria-hidden=\"false\"><div><div class=\"defaultBlock-3WQYo\"><div class=\"contentRect-aVg9o copyableElem-3MDgL fontCopyableElemTab-2p2c_\" tabindex=\"0\" data-auto=\"contentRect\" data-copytype=\"Inhalt\" data-logtype=\"content\" data-fontinfo=\"Montserrat\"><p class=\"content-1ObEW\" data-auto=\"textContent\"><strong>Ihre Messgr\u00f6\u00dfe\/ Ihr Wunsch ist nicht aufgelistet? Sprechen Sie uns f\u00fcr ein individuelles Angebot gerne an!<\/strong><\/p><\/div><\/div><\/div><\/div>\t\t\t\t\t\t<\/div>\n\t\t\t\t<\/div>\n\t\t\t\t<div class=\"elementor-element elementor-element-3f24c27 elementor-widget elementor-widget-button\" data-id=\"3f24c27\" data-element_type=\"widget\" data-widget_type=\"button.default\">\n\t\t\t\t<div class=\"elementor-widget-container\">\n\t\t\t\t\t<div class=\"elementor-button-wrapper\">\n\t\t\t<a class=\"elementor-button elementor-button-link elementor-size-sm\" href=\"https:\/\/ks-kalibrierservice.de\/index.php\/kontakt-anfahrt\/#anfrage\">\n\t\t\t\t\t\t<span class=\"elementor-button-content-wrapper\">\n\t\t\t\t\t\t\t\t\t<span class=\"elementor-button-text\">Kalibrieranfrage<\/span>\n\t\t\t\t\t<\/span>\n\t\t\t\t\t<\/a>\n\t\t<\/div>\n\t\t\t\t<\/div>\n\t\t\t\t<\/div>\n\t\t\t\t\t<\/div>\n\t\t<\/div>\n\t\t\t\t\t<\/div>\n\t\t<\/section>\n\t\t\t\t<section class=\"elementor-section elementor-top-section elementor-element elementor-element-d3031e1 elementor-section-full_width elementor-section-height-default elementor-section-height-default\" data-id=\"d3031e1\" data-element_type=\"section\" data-settings=\"{&quot;background_background&quot;:&quot;classic&quot;}\">\n\t\t\t\t\t\t<div class=\"elementor-container elementor-column-gap-default\">\n\t\t\t\t\t<div class=\"elementor-column elementor-col-100 elementor-top-column elementor-element elementor-element-b908299\" data-id=\"b908299\" data-element_type=\"column\">\n\t\t\t<div class=\"elementor-widget-wrap elementor-element-populated\">\n\t\t\t\t\t\t<div class=\"elementor-element elementor-element-e5d4311 elementor-widget elementor-widget-template\" data-id=\"e5d4311\" data-element_type=\"widget\" data-widget_type=\"template.default\">\n\t\t\t\t<div class=\"elementor-widget-container\">\n\t\t\t\t\t<div class=\"elementor-template\">\n\t\t\t\t\t<div data-elementor-type=\"section\" data-elementor-id=\"841\" class=\"elementor elementor-841\" data-elementor-post-type=\"elementor_library\">\n\t\t\t\t\t<section class=\"elementor-section elementor-top-section elementor-element elementor-element-17e62263 elementor-section-boxed elementor-section-height-default elementor-section-height-default\" data-id=\"17e62263\" data-element_type=\"section\" data-settings=\"{&quot;background_background&quot;:&quot;classic&quot;}\">\n\t\t\t\t\t\t<div class=\"elementor-container elementor-column-gap-default\">\n\t\t\t\t\t<div class=\"elementor-column elementor-col-100 elementor-top-column elementor-element elementor-element-2f9c69f1\" data-id=\"2f9c69f1\" data-element_type=\"column\">\n\t\t\t<div class=\"elementor-widget-wrap elementor-element-populated\">\n\t\t\t\t\t\t<div class=\"elementor-element elementor-element-0eba598 elementor-widget elementor-widget-heading\" data-id=\"0eba598\" data-element_type=\"widget\" data-widget_type=\"heading.default\">\n\t\t\t\t<div class=\"elementor-widget-container\">\n\t\t\t<h2 class=\"elementor-heading-title elementor-size-default\">KUNDENSTIMMEN<\/h2>\t\t<\/div>\n\t\t\t\t<\/div>\n\t\t\t\t\t<\/div>\n\t\t<\/div>\n\t\t\t\t\t<\/div>\n\t\t<\/section>\n\t\t\t\t<section class=\"elementor-section elementor-top-section elementor-element elementor-element-c9af088 elementor-section-boxed elementor-section-height-default elementor-section-height-default\" data-id=\"c9af088\" data-element_type=\"section\" data-settings=\"{&quot;background_background&quot;:&quot;classic&quot;}\">\n\t\t\t\t\t\t<div class=\"elementor-container elementor-column-gap-default\">\n\t\t\t\t\t<div class=\"elementor-column elementor-col-33 elementor-top-column elementor-element elementor-element-8836726\" data-id=\"8836726\" data-element_type=\"column\">\n\t\t\t<div class=\"elementor-widget-wrap elementor-element-populated\">\n\t\t\t\t\t\t<div class=\"elementor-element elementor-element-4478c60 elementor-widget elementor-widget-image\" data-id=\"4478c60\" data-element_type=\"widget\" data-widget_type=\"image.default\">\n\t\t\t\t<div class=\"elementor-widget-container\">\n\t\t\t\t\t\t\t\t\t\t\t\t\t<img decoding=\"async\" width=\"200\" height=\"300\" src=\"https:\/\/ks-kalibrierservice.de\/wp-content\/uploads\/2022\/05\/benedict-logo-200x300.jpg\" class=\"attachment-medium size-medium wp-image-625\" alt=\"\" srcset=\"https:\/\/ks-kalibrierservice.de\/wp-content\/uploads\/2022\/05\/benedict-logo-200x300.jpg 200w, https:\/\/ks-kalibrierservice.de\/wp-content\/uploads\/2022\/05\/benedict-logo-683x1024.jpg 683w, https:\/\/ks-kalibrierservice.de\/wp-content\/uploads\/2022\/05\/benedict-logo-768x1152.jpg 768w, https:\/\/ks-kalibrierservice.de\/wp-content\/uploads\/2022\/05\/benedict-logo-1024x1536.jpg 1024w, https:\/\/ks-kalibrierservice.de\/wp-content\/uploads\/2022\/05\/benedict-logo-1365x2048.jpg 1365w, https:\/\/ks-kalibrierservice.de\/wp-content\/uploads\/2022\/05\/benedict-logo-scaled.jpg 1707w\" sizes=\"(max-width: 200px) 100vw, 200px\" \/>\t\t\t\t\t\t\t\t\t\t\t\t\t<\/div>\n\t\t\t\t<\/div>\n\t\t\t\t\t<\/div>\n\t\t<\/div>\n\t\t\t\t<div class=\"elementor-column elementor-col-66 elementor-top-column elementor-element elementor-element-8ac6648\" data-id=\"8ac6648\" data-element_type=\"column\">\n\t\t\t<div class=\"elementor-widget-wrap elementor-element-populated\">\n\t\t\t\t\t\t<div class=\"elementor-element elementor-element-7001dd7 elementor--h-position-center elementor--v-position-middle elementor-arrows-position-inside elementor-pagination-position-inside elementor-widget elementor-widget-global elementor-global-347 elementor-widget-slides\" data-id=\"7001dd7\" data-element_type=\"widget\" data-settings=\"{&quot;navigation&quot;:&quot;both&quot;,&quot;autoplay&quot;:&quot;yes&quot;,&quot;pause_on_hover&quot;:&quot;yes&quot;,&quot;pause_on_interaction&quot;:&quot;yes&quot;,&quot;autoplay_speed&quot;:5000,&quot;infinite&quot;:&quot;yes&quot;,&quot;transition&quot;:&quot;slide&quot;,&quot;transition_speed&quot;:500}\" data-widget_type=\"slides.default\">\n\t\t\t\t<div class=\"elementor-widget-container\">\n\t\t\t<style>\/*! elementor-pro - v3.21.0 - 24-04-2024 *\/\n.elementor-slides .swiper-slide-bg{background-size:cover;background-position:50%;background-repeat:no-repeat;min-width:100%;min-height:100%}.elementor-slides .swiper-slide-inner{background-repeat:no-repeat;background-position:50%;position:absolute;top:0;left:0;bottom:0;right:0;padding:50px;margin:auto}.elementor-slides .swiper-slide-inner,.elementor-slides .swiper-slide-inner:hover{color:#fff;display:flex}.elementor-slides .swiper-slide-inner .elementor-background-overlay{position:absolute;z-index:0;top:0;bottom:0;left:0;right:0}.elementor-slides .swiper-slide-inner .elementor-slide-content{position:relative;z-index:1;width:100%}.elementor-slides .swiper-slide-inner .elementor-slide-heading{font-size:35px;font-weight:700;line-height:1}.elementor-slides .swiper-slide-inner .elementor-slide-description{font-size:17px;line-height:1.4}.elementor-slides .swiper-slide-inner .elementor-slide-description:not(:last-child),.elementor-slides .swiper-slide-inner .elementor-slide-heading:not(:last-child){margin-bottom:30px}.elementor-slides .swiper-slide-inner .elementor-slide-button{border:2px solid #fff;color:#fff;background:transparent;display:inline-block}.elementor-slides .swiper-slide-inner .elementor-slide-button,.elementor-slides .swiper-slide-inner .elementor-slide-button:hover{background:transparent;color:inherit;text-decoration:none}.elementor--v-position-top .swiper-slide-inner{align-items:flex-start}.elementor--v-position-bottom .swiper-slide-inner{align-items:flex-end}.elementor--v-position-middle .swiper-slide-inner{align-items:center}.elementor--h-position-left .swiper-slide-inner{justify-content:flex-start}.elementor--h-position-right .swiper-slide-inner{justify-content:flex-end}.elementor--h-position-center .swiper-slide-inner{justify-content:center}body.rtl .elementor-widget-slides .elementor-swiper-button-next{left:10px;right:auto}body.rtl .elementor-widget-slides .elementor-swiper-button-prev{right:10px;left:auto}.elementor-slides-wrapper div:not(.swiper-slide)>.swiper-slide-inner{display:none}@media (max-width:767px){.elementor-slides .swiper-slide-inner{padding:30px}.elementor-slides .swiper-slide-inner .elementor-slide-heading{font-size:23px;line-height:1;margin-bottom:15px}.elementor-slides .swiper-slide-inner .elementor-slide-description{font-size:13px;line-height:1.4;margin-bottom:15px}}<\/style>\t\t<div class=\"elementor-swiper\">\n\t\t\t<div class=\"elementor-slides-wrapper elementor-main-swiper swiper\" dir=\"ltr\" data-animation=\"fadeInUp\">\n\t\t\t\t<div class=\"swiper-wrapper elementor-slides\">\n\t\t\t\t\t\t\t\t\t\t<div class=\"elementor-repeater-item-d5365ff swiper-slide\"><div class=\"swiper-slide-bg\" role=\"img\"><\/div><div class=\"swiper-slide-inner\" ><div class=\"swiper-slide-contents\"><div class=\"elementor-slide-heading\">benedict gmbh messtechnik - <br>Hr. Maximilian Sammler (Gesch\u00e4ftsf\u00fchrer)<\/div><div class=\"elementor-slide-description\">\u201eAufgrund der langj\u00e4hrigen Zusammenarbeit mit KS und dem unkomplizierten Service haben wir einen verl\u00e4sslichen Partner in der Metropolregion N\u00fcrnberg, der unsere gesamten Messwerkzeuge aus eigener Fertigung kalibriert.\u201c<\/div><\/div><\/div><\/div>\t\t\t\t<\/div>\n\t\t\t\t\t\t\t<\/div>\n\t\t<\/div>\n\t\t\t\t<\/div>\n\t\t\t\t<\/div>\n\t\t\t\t\t<\/div>\n\t\t<\/div>\n\t\t\t\t\t<\/div>\n\t\t<\/section>\n\t\t\t\t<\/div>\n\t\t\t\t<\/div>\n\t\t\t\t<\/div>\n\t\t\t\t<\/div>\n\t\t\t\t\t<\/div>\n\t\t<\/div>\n\t\t\t\t\t<\/div>\n\t\t<\/section>\n\t\t\t\t<\/div>\n\t\t","protected":false},"excerpt":{"rendered":"<p>ELEKTRONISCHE MESSMITTEL KALIBRIERUNG ELEKTRONISCHER MESSMITTEL Die Kalibrierung erfolgt in unserem klimatisierten Labor (+23\u00b0C \u00b12\u00b0C) und ist ru\u0308ckfu\u0308hrbar auf Standards und Normale der Physikalisch Technischen Bundesanstalt (PTB) in Braunschweig oder auf andere nationale Normale. Wir kalibrieren Ihre elektronischen Ger\u00e4te. Mit modernster Technik und Ausstattung messen wir eine Vielzahl an elektronischen Messgr\u00f6\u00dfen, wie z. B.: Gleichspannung Gleichstrom [&hellip;]<\/p>\n","protected":false},"author":3,"featured_media":0,"parent":11,"menu_order":0,"comment_status":"closed","ping_status":"closed","template":"","meta":{"inline_featured_image":false,"footnotes":""},"class_list":["post-13","page","type-page","status-publish","hentry"],"_links":{"self":[{"href":"https:\/\/ks-kalibrierservice.de\/index.php\/wp-json\/wp\/v2\/pages\/13","targetHints":{"allow":["GET"]}}],"collection":[{"href":"https:\/\/ks-kalibrierservice.de\/index.php\/wp-json\/wp\/v2\/pages"}],"about":[{"href":"https:\/\/ks-kalibrierservice.de\/index.php\/wp-json\/wp\/v2\/types\/page"}],"author":[{"embeddable":true,"href":"https:\/\/ks-kalibrierservice.de\/index.php\/wp-json\/wp\/v2\/users\/3"}],"replies":[{"embeddable":true,"href":"https:\/\/ks-kalibrierservice.de\/index.php\/wp-json\/wp\/v2\/comments?post=13"}],"version-history":[{"count":62,"href":"https:\/\/ks-kalibrierservice.de\/index.php\/wp-json\/wp\/v2\/pages\/13\/revisions"}],"predecessor-version":[{"id":1549,"href":"https:\/\/ks-kalibrierservice.de\/index.php\/wp-json\/wp\/v2\/pages\/13\/revisions\/1549"}],"up":[{"embeddable":true,"href":"https:\/\/ks-kalibrierservice.de\/index.php\/wp-json\/wp\/v2\/pages\/11"}],"wp:attachment":[{"href":"https:\/\/ks-kalibrierservice.de\/index.php\/wp-json\/wp\/v2\/media?parent=13"}],"curies":[{"name":"wp","href":"https:\/\/api.w.org\/{rel}","templated":true}]}}